{"id":2,"date":"2018-11-09T12:27:22","date_gmt":"2018-11-09T11:27:22","guid":{"rendered":"http:\/\/optimus61.be\/?page_id=2"},"modified":"2019-01-23T13:59:43","modified_gmt":"2019-01-23T12:59:43","slug":"finances","status":"publish","type":"page","link":"https:\/\/optimus61.be\/index.php\/finances\/","title":{"rendered":"Finances"},"content":{"rendered":"<div class=\"pimcore_area_exk-titre1 pimcore_area_content\">\n<h2>G\u00e9rer une affaire, quelle aventure!<\/h2>\n<\/div>\n<div class=\"pimcore_area_wysiwyg pimcore_area_content\">\n<section class=\"area-wysiwyg\">Vous menez votre entreprise avec succ\u00e8s. Mais vous \u00eates englouti par le quotidien et souhaiteriez un \u0153il externe qui puisse prendre de la distance, plancher sur les questions financi\u00e8res strat\u00e9giques et adopter une vision \u00e0 long terme et surtout p\u00e9renne. Voici ce que nous vous proposons dans le domaine financier.<\/p>\n<\/section>\n<\/div>\n<div class=\"pimcore_area_exk2-colonnes pimcore_area_content\">\n<div class=\"row\">\n<div class=\"col-md-6 col-sm-6 col-xs-12\">\n<div class=\"pimcore_area_exk-titre2 pimcore_area_content\">\n<h3>Structure des co\u00fbts &#8211; contr\u00f4le<\/h3>\n<\/div>\n<div class=\"pimcore_area_wysiwyg pimcore_area_content\">\n<section class=\"area-wysiwyg\">Nous analysons en profondeur l\u2019ensemble de vos co\u00fbts et vous conseillons ensuite dans l\u2019optimisation des diff\u00e9rents postes de charge de l\u2019entreprise.<\/p>\n<p>Les avantages de cette d\u00e9marche sont les suivants :<\/p>\n<ol>\n<li>Un meilleur contr\u00f4le et une vue d\u2019ensemble de vos co\u00fbts<\/li>\n<li>Une marge accrue et r\u00e9currente pour une meilleure rentabilit\u00e9,<\/li>\n<li>Un effet positif sur les ratios et le b\u00e9n\u00e9fice (effet de levier important),<\/li>\n<li>Une am\u00e9lioration \u00e0 court et moyen terme de votre structure bilantaire ainsi que de la confiance de vos des partenaires financiers<\/li>\n<li>Une solidit\u00e9 financi\u00e8re accrue vous ouvrant la voie \u00e0 de nouveaux projets.<\/li>\n<\/ol>\n<p>La r\u00e9mun\u00e9ration de ce service pr\u00e9cis se fait uniquement sur les \u00e9conomies r\u00e9alis\u00e9es.<\/p>\n<p>&nbsp;<\/p>\n<\/section>\n<\/div>\n<\/div>\n<div class=\"col-md-6 col-sm-6 col-xs-12\">\n<div class=\"pimcore_area_exk-titre2 pimcore_area_content\">\n<h3>Outils sur mesure &#8211; visibilit\u00e9<\/h3>\n<\/div>\n<div class=\"pimcore_area_wysiwyg pimcore_area_content\">\n<section class=\"area-wysiwyg\">Nous \u00e9laborons et d\u00e9veloppons avec votre aide les outils suivants :<\/p>\n<ol>\n<li>Tableaux de bord sur mesure en fonction des sp\u00e9cificit\u00e9s du votre business. Ils vous donneront mensuellement gr\u00e2ce \u00e0 quelques chiffres-cl\u00e9 une excellente visibilit\u00e9 de l\u2019\u00e9volution de votre business et de sa sant\u00e9 vous permettant de r\u00e9agir rapidement et d\u2019anticiper pour une gestion plus saine et \u00e9clair\u00e9s.<\/li>\n<li>Outils analytiques simples et efficaces pour une meilleure compr\u00e9hension en profondeur de votre marge et donc un suivi proactif de celle-ci,<\/li>\n<li>Applis financi\u00e8res en liaison directe avec la comptabilit\u00e9 pour un acc\u00e8s permanent via votre smartphone aux chiffres-cl\u00e9s essentiels de votre activit\u00e9.<\/li>\n<\/ol>\n<p>&nbsp;<\/p>\n<\/section>\n<\/div>\n<\/div>\n<\/div>\n<\/div>\n","protected":false},"excerpt":{"rendered":"<p>G\u00e9rer une affaire, quelle aventure! Vous menez votre entreprise avec succ\u00e8s. Mais vous \u00eates englouti par le quotidien et souhaiteriez un \u0153il externe qui puisse prendre de la distance, plancher sur les questions financi\u00e8res strat\u00e9giques et adopter une vision \u00e0 long terme et surtout p\u00e9renne. Voici ce que nous vous proposons dans le domaine financier. [&hellip;]<\/p>\n","protected":false},"author":1,"featured_media":0,"parent":0,"menu_order":0,"comment_status":"closed","ping_status":"open","template":"","meta":[],"_links":{"self":[{"href":"https:\/\/optimus61.be\/index.php\/wp-json\/wp\/v2\/pages\/2"}],"collection":[{"href":"https:\/\/optimus61.be\/index.php\/wp-json\/wp\/v2\/pages"}],"about":[{"href":"https:\/\/optimus61.be\/index.php\/wp-json\/wp\/v2\/types\/page"}],"author":[{"embeddable":true,"href":"https:\/\/optimus61.be\/index.php\/wp-json\/wp\/v2\/users\/1"}],"replies":[{"embeddable":true,"href":"https:\/\/optimus61.be\/index.php\/wp-json\/wp\/v2\/comments?post=2"}],"version-history":[{"count":1,"href":"https:\/\/optimus61.be\/index.php\/wp-json\/wp\/v2\/pages\/2\/revisions"}],"predecessor-version":[{"id":21,"href":"https:\/\/optimus61.be\/index.php\/wp-json\/wp\/v2\/pages\/2\/revisions\/21"}],"wp:attachment":[{"href":"https:\/\/optimus61.be\/index.php\/wp-json\/wp\/v2\/media?parent=2"}],"curies":[{"name":"wp","href":"https:\/\/api.w.org\/{rel}","templated":true}]}}